{"id":40,"date":"2018-08-30T18:11:12","date_gmt":"2018-08-30T16:11:12","guid":{"rendered":"http:\/\/www.huessertreuhand.ch\/?page_id=40"},"modified":"2022-04-06T09:12:35","modified_gmt":"2022-04-06T07:12:35","slug":"startseite","status":"publish","type":"page","link":"https:\/\/www.huessertreuhand.ch\/","title":{"rendered":"Startseite"},"content":{"rendered":"<p>Willkommen auf der Website von H\u00fcsser Treuhand Solutions<\/p>\n<p>Wir arbeiten momentan noch am Inhalt unserer Website. Wir bitten um Verst\u00e4ndnis. Vielen Dank f\u00fcr Ihre Geduld.<\/p>\n<p>Our Website is under construction \u2013 thank you for patience<\/p>\n","protected":false},"excerpt":{"rendered":"<p>Willkommen auf der Website von H\u00fcsser Treuhand Solutions Wir arbeiten momentan noch am Inhalt unserer Website. Wir bitten um Verst\u00e4ndnis. Vielen Dank f\u00fcr Ihre Geduld. Our Website is under construction \u2013 thank you for patience<\/p>\n","protected":false},"author":1,"featured_media":0,"parent":0,"menu_order":0,"comment_status":"closed","ping_status":"closed","template":"","meta":[],"_links":{"self":[{"href":"https:\/\/www.huessertreuhand.ch\/index.php?rest_route=\/wp\/v2\/pages\/40"}],"collection":[{"href":"https:\/\/www.huessertreuhand.ch\/index.php?rest_route=\/wp\/v2\/pages"}],"about":[{"href":"https:\/\/www.huessertreuhand.ch\/index.php?rest_route=\/wp\/v2\/types\/page"}],"author":[{"embeddable":true,"href":"https:\/\/www.huessertreuhand.ch\/index.php?rest_route=\/wp\/v2\/users\/1"}],"replies":[{"embeddable":true,"href":"https:\/\/www.huessertreuhand.ch\/index.php?rest_route=%2Fwp%2Fv2%2Fcomments&post=40"}],"version-history":[{"count":9,"href":"https:\/\/www.huessertreuhand.ch\/index.php?rest_route=\/wp\/v2\/pages\/40\/revisions"}],"predecessor-version":[{"id":83,"href":"https:\/\/www.huessertreuhand.ch\/index.php?rest_route=\/wp\/v2\/pages\/40\/revisions\/83"}],"wp:attachment":[{"href":"https:\/\/www.huessertreuhand.ch\/index.php?rest_route=%2Fwp%2Fv2%2Fmedia&parent=40"}],"curies":[{"name":"wp","href":"https:\/\/api.w.org\/{rel}","templated":true}]}}